{"id":276,"date":"2024-03-19T13:14:02","date_gmt":"2024-03-19T12:14:02","guid":{"rendered":"http:\/\/tessworkwear.com\/?page_id=276"},"modified":"2024-12-02T12:15:57","modified_gmt":"2024-12-02T11:15:57","slug":"ueber-uns","status":"publish","type":"page","link":"https:\/\/tessworkwear.com\/en\/ueber-uns\/","title":{"rendered":"About us"},"content":{"rendered":"<div data-elementor-type=\"wp-page\" data-elementor-id=\"276\" class=\"elementor elementor-276\" data-elementor-post-type=\"page\">\n\t\t\t\t<div class=\"elementor-element elementor-element-e475037 wd-section-stretch e-flex e-con-boxed e-con e-parent\" data-id=\"e475037\" data-element_type=\"container\" data-e-type=\"container\" data-settings=\"{&quot;background_background&quot;:&quot;classic&quot;}\">\n\t\t\t\t\t<div class=\"e-con-inner\">\n\t\t<div class=\"elementor-element elementor-element-7a748de e-flex e-con-boxed e-con e-child\" data-id=\"7a748de\" data-element_type=\"container\" data-e-type=\"container\">\n\t\t\t\t\t<div class=\"e-con-inner\">\n\t\t\t\t<div class=\"elementor-element elementor-element-eb3f36e elementor-widget elementor-widget-heading\" data-id=\"eb3f36e\" data-element_type=\"widget\" data-e-type=\"widget\" data-widget_type=\"heading.default\">\n\t\t\t\t<div class=\"elementor-widget-container\">\n\t\t\t\t\t<h4 class=\"elementor-heading-title elementor-size-default\">About us<\/h4>\t\t\t\t<\/div>\n\t\t\t\t<\/div>\n\t\t\t\t\t<\/div>\n\t\t\t\t<\/div>\n\t\t\t\t\t<\/div>\n\t\t\t\t<\/div>\n\t\t\t\t<section class=\"wd-negative-gap elementor-section elementor-top-section elementor-element elementor-element-48f2bfc2 elementor-section-boxed elementor-section-height-default elementor-section-height-default\" data-id=\"48f2bfc2\" data-element_type=\"section\" data-e-type=\"section\">\n\t\t\t\t\t\t<div class=\"elementor-container elementor-column-gap-default\">\n\t\t\t\t\t<div class=\"elementor-column elementor-col-100 elementor-top-column elementor-element elementor-element-3973b8f1\" data-id=\"3973b8f1\" data-element_type=\"column\" data-e-type=\"column\">\n\t\t\t<div class=\"elementor-widget-wrap elementor-element-populated\">\n\t\t\t\t\t\t<div class=\"elementor-element elementor-element-2fd49723 wd-width-100 elementor-widget elementor-widget-wd_video\" data-id=\"2fd49723\" data-element_type=\"widget\" data-e-type=\"widget\" data-widget_type=\"wd_video.default\">\n\t\t\t\t<div class=\"elementor-widget-container\">\n\t\t\t\t\t\n\t\t<div class=\"wd-el-video wd-action-without wd-video-hosted wd-with-aspect-ratio\">\n\t\t\t\t\t\t\t<video src=\"http:\/\/tessworkwear.com\/wp-content\/uploads\/2024\/03\/Tess_Header_v2_web.mp4\" playsinline loop muted autoplay><\/video>\t\t\t\n\t\t\t\n\t\t\t\n\t\t\t\t\t<\/div>\n\t\t\t\t\t\t<\/div>\n\t\t\t\t<\/div>\n\t\t\t\t<div class=\"elementor-element elementor-element-4c49b6b5 elementor-widget__width-initial elementor-widget elementor-widget-image\" data-id=\"4c49b6b5\" data-element_type=\"widget\" data-e-type=\"widget\" data-widget_type=\"image.default\">\n\t\t\t\t<div class=\"elementor-widget-container\">\n\t\t\t\t\t\t\t\t\t\t\t\t\t\t\t<img decoding=\"async\" width=\"2220\" height=\"482\" src=\"https:\/\/tessworkwear.com\/wp-content\/uploads\/2024\/03\/Logo-white-1.png\" class=\"attachment-full size-full wp-image-1443\" alt=\"\" srcset=\"https:\/\/tessworkwear.com\/wp-content\/uploads\/2024\/03\/Logo-white-1.png 2220w, https:\/\/tessworkwear.com\/wp-content\/uploads\/2024\/03\/Logo-white-1-150x33.png 150w, https:\/\/tessworkwear.com\/wp-content\/uploads\/2024\/03\/Logo-white-1-1000x217.png 1000w, https:\/\/tessworkwear.com\/wp-content\/uploads\/2024\/03\/Logo-white-1-300x65.png 300w, https:\/\/tessworkwear.com\/wp-content\/uploads\/2024\/03\/Logo-white-1-1024x222.png 1024w, https:\/\/tessworkwear.com\/wp-content\/uploads\/2024\/03\/Logo-white-1-768x167.png 768w, https:\/\/tessworkwear.com\/wp-content\/uploads\/2024\/03\/Logo-white-1-1536x333.png 1536w, https:\/\/tessworkwear.com\/wp-content\/uploads\/2024\/03\/Logo-white-1-2048x445.png 2048w\" sizes=\"(max-width: 2220px) 100vw, 2220px\" \/>\t\t\t\t\t\t\t\t\t\t\t\t\t\t\t<\/div>\n\t\t\t\t<\/div>\n\t\t\t\t<div class=\"elementor-element elementor-element-91b806a elementor-widget elementor-widget-heading\" data-id=\"91b806a\" data-element_type=\"widget\" data-e-type=\"widget\" data-widget_type=\"heading.default\">\n\t\t\t\t<div class=\"elementor-widget-container\">\n\t\t\t\t\t<h4 class=\"elementor-heading-title elementor-size-default\">Our story<\/h4>\t\t\t\t<\/div>\n\t\t\t\t<\/div>\n\t\t\t\t<div class=\"elementor-element elementor-element-277c36b8 elementor-widget elementor-widget-heading\" data-id=\"277c36b8\" data-element_type=\"widget\" data-e-type=\"widget\" data-widget_type=\"heading.default\">\n\t\t\t\t<div class=\"elementor-widget-container\">\n\t\t\t\t\t<h4 class=\"elementor-heading-title elementor-size-default\">T.ESS GmbH, based near Munich, has been developing and distributing innovative, highly functional sportswear and socks for many years. Drawing on his many years of experience, Thomas Essers has decided to create concepts and develop products for select clients. The products developed by T.ESS GmbH are characterized by a unique philosophy that reflects the current zeitgeist: honest, clearly positioned, and understandable collections with all the technical product features.\n\n<\/h4>\t\t\t\t<\/div>\n\t\t\t\t<\/div>\n\t\t\t\t<div class=\"elementor-element elementor-element-62f76d5b elementor-widget elementor-widget-heading\" data-id=\"62f76d5b\" data-element_type=\"widget\" data-e-type=\"widget\" data-widget_type=\"heading.default\">\n\t\t\t\t<div class=\"elementor-widget-container\">\n\t\t\t\t\t<h2 class=\"elementor-heading-title elementor-size-default\">With this in mind, Thomas Essers and his team developed Fire.Shelter 11612, a collection of flame-resistant seamless underwear, and Fire.Shelter Lite, a highly functional workwear line also developed on a seamless basis. The company works with the latest technologies and continuously develops products. Fire.Shelter products meet the stringent criteria of international standards and certifications and fulfill the quality requirements of professionals who expect high levels of comfort and reliable function at a reasonable price from their fire-resistant and protective workwear. T.ESS achieves this through its own production facilities in Europe.\n\n<\/h2>\t\t\t\t<\/div>\n\t\t\t\t<\/div>\n\t\t\t\t\t<\/div>\n\t\t<\/div>\n\t\t\t\t\t<\/div>\n\t\t<\/section>\n\t\t\t\t<section class=\"wd-negative-gap elementor-section elementor-top-section elementor-element elementor-element-28f7a694 elementor-section-boxed elementor-section-height-default elementor-section-height-default\" data-id=\"28f7a694\" data-element_type=\"section\" data-e-type=\"section\">\n\t\t\t\t\t\t<div class=\"elementor-container elementor-column-gap-default\">\n\t\t\t\t\t<div class=\"elementor-column elementor-col-100 elementor-top-column elementor-element elementor-element-2fe70dcc\" data-id=\"2fe70dcc\" data-element_type=\"column\" data-e-type=\"column\">\n\t\t\t<div class=\"elementor-widget-wrap elementor-element-populated\">\n\t\t\t\t\t\t<div class=\"elementor-element elementor-element-51be06a4 elementor-widget__width-initial elementor-widget elementor-widget-image\" data-id=\"51be06a4\" data-element_type=\"widget\" data-e-type=\"widget\" data-widget_type=\"image.default\">\n\t\t\t\t<div class=\"elementor-widget-container\">\n\t\t\t\t\t\t\t\t\t\t\t\t\t\t\t<img decoding=\"async\" width=\"2220\" height=\"482\" src=\"https:\/\/tessworkwear.com\/wp-content\/uploads\/2024\/03\/Logo-white-1.png\" class=\"attachment-full size-full wp-image-1443\" alt=\"\" srcset=\"https:\/\/tessworkwear.com\/wp-content\/uploads\/2024\/03\/Logo-white-1.png 2220w, https:\/\/tessworkwear.com\/wp-content\/uploads\/2024\/03\/Logo-white-1-150x33.png 150w, https:\/\/tessworkwear.com\/wp-content\/uploads\/2024\/03\/Logo-white-1-1000x217.png 1000w, https:\/\/tessworkwear.com\/wp-content\/uploads\/2024\/03\/Logo-white-1-300x65.png 300w, https:\/\/tessworkwear.com\/wp-content\/uploads\/2024\/03\/Logo-white-1-1024x222.png 1024w, https:\/\/tessworkwear.com\/wp-content\/uploads\/2024\/03\/Logo-white-1-768x167.png 768w, https:\/\/tessworkwear.com\/wp-content\/uploads\/2024\/03\/Logo-white-1-1536x333.png 1536w, https:\/\/tessworkwear.com\/wp-content\/uploads\/2024\/03\/Logo-white-1-2048x445.png 2048w\" sizes=\"(max-width: 2220px) 100vw, 2220px\" \/>\t\t\t\t\t\t\t\t\t\t\t\t\t\t\t<\/div>\n\t\t\t\t<\/div>\n\t\t\t\t<div class=\"elementor-element elementor-element-98b5f41 elementor-widget elementor-widget-heading\" data-id=\"98b5f41\" data-element_type=\"widget\" data-e-type=\"widget\" data-widget_type=\"heading.default\">\n\t\t\t\t<div class=\"elementor-widget-container\">\n\t\t\t\t\t<h4 class=\"elementor-heading-title elementor-size-default\">company founder<\/h4>\t\t\t\t<\/div>\n\t\t\t\t<\/div>\n\t\t\t\t<div class=\"elementor-element elementor-element-55609b7 color-scheme-inherit text-left elementor-widget elementor-widget-text-editor\" data-id=\"55609b7\" data-element_type=\"widget\" data-e-type=\"widget\" data-widget_type=\"text-editor.default\">\n\t\t\t\t<div class=\"elementor-widget-container\">\n\t\t\t\t\t\t\t\t\t<p>Private Label Hersteller and Gr\u00fcnder Thomas Essers:<\/p><p>Thomas Essers (born 01.04.1953) was born from 1988 to 1992 by W.L. Gore (Gore Tex) and has already been in possession of the original Textile Functions. Functions and functions vary depending on the circumstances. Thomas Essers arbeitete so zun\u00e4chst mit f\u00fchrenden Herstellern hochwertiger Sport- und Freizeitbekleidung zusammen \u2013 und war anschlie\u00dfend von 1992 bis 1995 als Gesch\u00e4ftsf\u00fchrer von Thorlo f\u00fcr Zentraleuropa zust\u00e4ndig.<\/p><p>In 1995, Essers joined Falke, where he shaped the Falke Ergonomic Sport System as Sales Manager until 2002. A major milestone in his career was the left and right socks and the development of \"Seamless Technology\" in the field of functional textiles. Since 2002, he has worked primarily on a freelance basis with his company, T.ESS.<\/p><p>In July 2009, he handed over management to his son, Philipp Essers, and since then, he has focused on developing new products and yarns to create even more innovative textiles as an experienced private label manufacturer. Since 2015, his daughter Ann-Kristin Essers has also been part of the management team, working in marketing and development. The latest innovation is flame-resistant seamless underwear \u2013 created using a 3D process with innovative duo-component knitting technology.<\/p><p>Through many years of experience, we have identified certain key customer interests: price, heat regulation, thermal insulation, and fire resistance. Each of these topics is optimally addressed in TESS's four product lines.<\/p>\t\t\t\t\t\t\t\t<\/div>\n\t\t\t\t<\/div>\n\t\t\t\t\t<\/div>\n\t\t<\/div>\n\t\t\t\t\t<\/div>\n\t\t<\/section>\n\t\t\t\t<\/div>","protected":false},"excerpt":{"rendered":"<p>\u00dcber uns Unsere Geschichte Die T.ESS GmbH mit Sitz in der N\u00e4he von M\u00fcnchen, steht seit vielen Jahren f\u00fcr die<\/p>","protected":false},"author":1,"featured_media":0,"parent":0,"menu_order":0,"comment_status":"closed","ping_status":"closed","template":"elementor_header_footer","meta":{"footnotes":""},"class_list":["post-276","page","type-page","status-publish","hentry"],"_links":{"self":[{"href":"https:\/\/tessworkwear.com\/en\/wp-json\/wp\/v2\/pages\/276","targetHints":{"allow":["GET"]}}],"collection":[{"href":"https:\/\/tessworkwear.com\/en\/wp-json\/wp\/v2\/pages"}],"about":[{"href":"https:\/\/tessworkwear.com\/en\/wp-json\/wp\/v2\/types\/page"}],"author":[{"embeddable":true,"href":"https:\/\/tessworkwear.com\/en\/wp-json\/wp\/v2\/users\/1"}],"replies":[{"embeddable":true,"href":"https:\/\/tessworkwear.com\/en\/wp-json\/wp\/v2\/comments?post=276"}],"version-history":[{"count":10,"href":"https:\/\/tessworkwear.com\/en\/wp-json\/wp\/v2\/pages\/276\/revisions"}],"predecessor-version":[{"id":2182,"href":"https:\/\/tessworkwear.com\/en\/wp-json\/wp\/v2\/pages\/276\/revisions\/2182"}],"wp:attachment":[{"href":"https:\/\/tessworkwear.com\/en\/wp-json\/wp\/v2\/media?parent=276"}],"curies":[{"name":"wp","href":"https:\/\/api.w.org\/{rel}","templated":true}]}}